{"id":296,"date":"2021-11-17T17:26:16","date_gmt":"2021-11-17T16:26:16","guid":{"rendered":"http:\/\/www.sherlockhames.com\/mobile\/?page_id=296"},"modified":"2022-06-18T15:53:41","modified_gmt":"2022-06-18T13:53:41","slug":"news2","status":"publish","type":"page","link":"https:\/\/www.sherlockhames.com\/mobile\/news2\/","title":{"rendered":"News"},"content":{"rendered":"<div class=\"blog-shortcode-container\">\n         <article class=\"blogcontainer\">\n    <div class=\"post-602 post type-post status-publish format-standard has-post-thumbnail hentry category-allgemein\"  id=\"post-602\">\n                <a href=\"https:\/\/www.sherlockhames.com\/mobile\/single-firlifanz-out-now\/\">\n            <div class=\"blog-img\" data-image=\"https:\/\/www.sherlockhames.com\/mobile\/wp-content\/uploads\/2023\/07\/Cover_small.jpg\"><\/div>\n        <\/a>\n                <div class=\"postcontent\">\n            <h3><a href=\"https:\/\/www.sherlockhames.com\/mobile\/single-firlifanz-out-now\/\">Single &#8220;Firlifanz&#8221; Out Now!<\/a><\/h3>\n            <p>Firlifanz Single Release! (Alle links HIER)Firlifanz stammt vom altfranz\u00f6sischem virelai \u201aReigenlied\u2018 ab. Urspr\u00fcnglich bedeutete es einen lustigen und schnellen Springtanz oder auch eine komische, alberne Person.Es steht auch f\u00fcr unwitzige schnelle Einf\u00e4lle, alberne Ausfl\u00fcchte etc.\u2026 also auch ein perfektes Synonym f\u00fcr so einige Sprechgesangsartisten. Deshalb war es mal an der Zeit, dies in einen Song&#8230;<\/p>\n            <div class=\"postdate\">\n                <div>\n                <i class=\"fas fa-clock\"><\/i><a href=\"https:\/\/www.sherlockhames.com\/mobile\/single-firlifanz-out-now\/\">28. Juli 2023<\/a>\n                <\/div>\n                 \n                <div>\n                <i class=\"fas fa-folder\"><\/i><span>\n                    <a href=\"https:\/\/www.sherlockhames.com\/mobile\/category\/allgemein\/\" rel=\"category tag\">Allgemein<\/a>                <\/span>\n                <\/div>\n                        <\/div>\n        <\/div>\n    <\/div>\n<\/article>         <article class=\"blogcontainer\">\n    <div class=\"post-520 post type-post status-publish format-standard has-post-thumbnail hentry category-allgemein\"  id=\"post-520\">\n                <a href=\"https:\/\/www.sherlockhames.com\/mobile\/clockology-designs\/\">\n            <div class=\"blog-img\" data-image=\"https:\/\/www.sherlockhames.com\/mobile\/wp-content\/uploads\/2023\/05\/FlikFlak_Retro.jpg\"><\/div>\n        <\/a>\n                <div class=\"postcontent\">\n            <h3><a href=\"https:\/\/www.sherlockhames.com\/mobile\/clockology-designs\/\">Clockology Designs<\/a><\/h3>\n            <p>ich habe meine erste Uhr wo ich als Kind bekommen hatte als Clockology Watchface erstellt. Dieses ist unter https:\/\/www.sherlockhames.com\/mobile\/clockology-designs\/ zu finden. Einfach die Clockology App runterladen und danach mein Design instasllieren.<\/p>\n            <div class=\"postdate\">\n                <div>\n                <i class=\"fas fa-clock\"><\/i><a href=\"https:\/\/www.sherlockhames.com\/mobile\/clockology-designs\/\">23. Mai 2023<\/a>\n                <\/div>\n                 \n                <div>\n                <i class=\"fas fa-folder\"><\/i><span>\n                    <a href=\"https:\/\/www.sherlockhames.com\/mobile\/category\/allgemein\/\" rel=\"category tag\">Allgemein<\/a>                <\/span>\n                <\/div>\n                        <\/div>\n        <\/div>\n    <\/div>\n<\/article>         <article class=\"blogcontainer\">\n    <div class=\"post-522 post type-post status-publish format-standard has-post-thumbnail hentry category-allgemein\"  id=\"post-522\">\n                <a href=\"https:\/\/www.sherlockhames.com\/mobile\/album-arkanum-out-now\/\">\n            <div class=\"blog-img\" data-image=\"https:\/\/www.sherlockhames.com\/mobile\/wp-content\/uploads\/2022\/08\/Arkanum_Cover_1024.jpg\"><\/div>\n        <\/a>\n                <div class=\"postcontent\">\n            <h3><a href=\"https:\/\/www.sherlockhames.com\/mobile\/album-arkanum-out-now\/\">Album Arkanum Out Now!<\/a><\/h3>\n            <p>Album ab sofort erh\u00e4ltlich:Link: https:\/\/lnk.site\/arkanum<\/p>\n            <div class=\"postdate\">\n                <div>\n                <i class=\"fas fa-clock\"><\/i><a href=\"https:\/\/www.sherlockhames.com\/mobile\/album-arkanum-out-now\/\">9. September 2022<\/a>\n                <\/div>\n                 \n                <div>\n                <i class=\"fas fa-folder\"><\/i><span>\n                    <a href=\"https:\/\/www.sherlockhames.com\/mobile\/category\/allgemein\/\" rel=\"category tag\">Allgemein<\/a>                <\/span>\n                <\/div>\n                        <\/div>\n        <\/div>\n    <\/div>\n<\/article>         <article class=\"blogcontainer\">\n    <div class=\"post-489 post type-post status-publish format-standard has-post-thumbnail hentry category-allgemein\"  id=\"post-489\">\n                <a href=\"https:\/\/www.sherlockhames.com\/mobile\/neue-single-way-2-go-feat-ella-sun-und-danimaa\/\">\n            <div class=\"blog-img\" data-image=\"https:\/\/www.sherlockhames.com\/mobile\/wp-content\/uploads\/2022\/08\/Way2GoCover_small.jpg\"><\/div>\n        <\/a>\n                <div class=\"postcontent\">\n            <h3><a href=\"https:\/\/www.sherlockhames.com\/mobile\/neue-single-way-2-go-feat-ella-sun-und-danimaa\/\">Neue Single &#8220;Way 2 Go&#8221; feat Ella Sun und Danimaa<\/a><\/h3>\n            <p>Neue Single &#8220;Way 2 Go&#8221; feat. Ella Sun und Danimaa ist ab heute erh\u00e4ltlich. Produziert wurde das St\u00fcck von Ondacova.Alle Links zum kaufen7streamn findes du HIER. In drei Wochen am 09.09.22 erscheint das Album &#8220;Arkanum&#8221; welches hier vorbestellt werden kann:Amazon: https:\/\/www.amazon.de\/dp\/B0B72DVJ3PiTunesStore: https:\/\/music.apple.com\/de\/album\/arkanum\/1635297753<\/p>\n            <div class=\"postdate\">\n                <div>\n                <i class=\"fas fa-clock\"><\/i><a href=\"https:\/\/www.sherlockhames.com\/mobile\/neue-single-way-2-go-feat-ella-sun-und-danimaa\/\">19. August 2022<\/a>\n                <\/div>\n                 \n                <div>\n                <i class=\"fas fa-folder\"><\/i><span>\n                    <a href=\"https:\/\/www.sherlockhames.com\/mobile\/category\/allgemein\/\" rel=\"category tag\">Allgemein<\/a>                <\/span>\n                <\/div>\n                        <\/div>\n        <\/div>\n    <\/div>\n<\/article>         <article class=\"blogcontainer\">\n    <div class=\"post-476 post type-post status-publish format-standard has-post-thumbnail hentry category-allgemein\"  id=\"post-476\">\n                <a href=\"https:\/\/www.sherlockhames.com\/mobile\/single-high-five-out-now-2\/\">\n            <div class=\"blog-img\" data-image=\"https:\/\/www.sherlockhames.com\/mobile\/wp-content\/uploads\/2022\/07\/HighFive_Cover_1024-2.jpg\"><\/div>\n        <\/a>\n                <div class=\"postcontent\">\n            <h3><a href=\"https:\/\/www.sherlockhames.com\/mobile\/single-high-five-out-now-2\/\">Single &#8220;High Five&#8221; Out Now!<\/a><\/h3>\n            <p>Zweite Single vom Album \u201cArkanum\u201d welches am 09.09.22 erscheint ist Online. High Five ist von DJ Tron produziert. N\u00e4chste Single folgt in drei Wochen! Album kann ausserdem hier vorbestellt werden:Amazonn: https:\/\/www.amazon.de\/dp\/B0B72DVJ3PiTunesStore: https:\/\/music.apple.com\/de\/album\/arkanum\/1635297753<\/p>\n            <div class=\"postdate\">\n                <div>\n                <i class=\"fas fa-clock\"><\/i><a href=\"https:\/\/www.sherlockhames.com\/mobile\/single-high-five-out-now-2\/\">29. Juli 2022<\/a>\n                <\/div>\n                 \n                <div>\n                <i class=\"fas fa-folder\"><\/i><span>\n                    <a href=\"https:\/\/www.sherlockhames.com\/mobile\/category\/allgemein\/\" rel=\"category tag\">Allgemein<\/a>                <\/span>\n                <\/div>\n                        <\/div>\n        <\/div>\n    <\/div>\n<\/article>    <div class=\"blogpager\">\n    <div class=\"previous viewall\">\n        <a class=\"cv-button\" href=\"\">Show All<\/a>\n    <\/div>\n<\/div>\n<\/div>    \n\n\n\n\n<p><\/p>\n","protected":false},"excerpt":{"rendered":"","protected":false},"author":1,"featured_media":374,"parent":0,"menu_order":0,"comment_status":"closed","ping_status":"closed","template":"","meta":[],"yoast_head":"<!-- This site is optimized with the Yoast SEO plugin v19.3 - https:\/\/yoast.com\/wordpress\/plugins\/seo\/ -->\n<title>News - Sherlock Hames<\/title>\n<meta name=\"robots\" content=\"index, follow, max-snippet:-1, max-image-preview:large, max-video-preview:-1\" \/>\n<link rel=\"canonical\" href=\"https:\/\/www.sherlockhames.com\/mobile\/news2\/\" \/>\n<meta property=\"og:locale\" content=\"de_DE\" \/>\n<meta property=\"og:type\" content=\"article\" \/>\n<meta property=\"og:title\" content=\"News - Sherlock Hames\" \/>\n<meta property=\"og:url\" content=\"https:\/\/www.sherlockhames.com\/mobile\/news2\/\" \/>\n<meta property=\"og:site_name\" content=\"Sherlock Hames\" \/>\n<meta property=\"article:publisher\" content=\"https:\/\/www.facebook.com\/hmk.hamikaze\" \/>\n<meta property=\"article:modified_time\" content=\"2022-06-18T13:53:41+00:00\" \/>\n<meta property=\"og:image\" content=\"https:\/\/www.sherlockhames.com\/mobile\/wp-content\/uploads\/2022\/06\/profilbild_dreieck-R.jpg\" \/>\n\t<meta property=\"og:image:width\" content=\"1000\" \/>\n\t<meta property=\"og:image:height\" content=\"1000\" \/>\n\t<meta property=\"og:image:type\" content=\"image\/jpeg\" \/>\n<meta name=\"twitter:card\" content=\"summary_large_image\" \/>\n<script type=\"application\/ld+json\" class=\"yoast-schema-graph\">{\"@context\":\"https:\/\/schema.org\",\"@graph\":[{\"@type\":\"Organization\",\"@id\":\"https:\/\/www.sherlockhames.com\/mobile\/#organization\",\"name\":\"Sherlock Hames\",\"url\":\"https:\/\/www.sherlockhames.com\/mobile\/\",\"sameAs\":[\"https:\/\/www.instagram.com\/sherlockhames\/\",\"https:\/\/www.facebook.com\/hmk.hamikaze\"],\"logo\":{\"@type\":\"ImageObject\",\"inLanguage\":\"de\",\"@id\":\"https:\/\/www.sherlockhames.com\/mobile\/#\/schema\/logo\/image\/\",\"url\":\"https:\/\/www.sherlockhames.com\/mobile\/wp-content\/uploads\/2022\/06\/arkanum_pressefoto_2_web-scaled.jpg\",\"contentUrl\":\"https:\/\/www.sherlockhames.com\/mobile\/wp-content\/uploads\/2022\/06\/arkanum_pressefoto_2_web-scaled.jpg\",\"width\":2560,\"height\":1707,\"caption\":\"Sherlock Hames\"},\"image\":{\"@id\":\"https:\/\/www.sherlockhames.com\/mobile\/#\/schema\/logo\/image\/\"}},{\"@type\":\"WebSite\",\"@id\":\"https:\/\/www.sherlockhames.com\/mobile\/#website\",\"url\":\"https:\/\/www.sherlockhames.com\/mobile\/\",\"name\":\"Sherlock Hames\",\"description\":\"Rap Professor\",\"publisher\":{\"@id\":\"https:\/\/www.sherlockhames.com\/mobile\/#organization\"},\"potentialAction\":[{\"@type\":\"SearchAction\",\"target\":{\"@type\":\"EntryPoint\",\"urlTemplate\":\"https:\/\/www.sherlockhames.com\/mobile\/?s={search_term_string}\"},\"query-input\":\"required name=search_term_string\"}],\"inLanguage\":\"de\"},{\"@type\":\"ImageObject\",\"inLanguage\":\"de\",\"@id\":\"https:\/\/www.sherlockhames.com\/mobile\/news2\/#primaryimage\",\"url\":\"https:\/\/www.sherlockhames.com\/mobile\/wp-content\/uploads\/2022\/06\/profilbild_dreieck-R.jpg\",\"contentUrl\":\"https:\/\/www.sherlockhames.com\/mobile\/wp-content\/uploads\/2022\/06\/profilbild_dreieck-R.jpg\",\"width\":1000,\"height\":1000},{\"@type\":\"WebPage\",\"@id\":\"https:\/\/www.sherlockhames.com\/mobile\/news2\/\",\"url\":\"https:\/\/www.sherlockhames.com\/mobile\/news2\/\",\"name\":\"News - Sherlock Hames\",\"isPartOf\":{\"@id\":\"https:\/\/www.sherlockhames.com\/mobile\/#website\"},\"primaryImageOfPage\":{\"@id\":\"https:\/\/www.sherlockhames.com\/mobile\/news2\/#primaryimage\"},\"datePublished\":\"2021-11-17T16:26:16+00:00\",\"dateModified\":\"2022-06-18T13:53:41+00:00\",\"breadcrumb\":{\"@id\":\"https:\/\/www.sherlockhames.com\/mobile\/news2\/#breadcrumb\"},\"inLanguage\":\"de\",\"potentialAction\":[{\"@type\":\"ReadAction\",\"target\":[\"https:\/\/www.sherlockhames.com\/mobile\/news2\/\"]}]},{\"@type\":\"BreadcrumbList\",\"@id\":\"https:\/\/www.sherlockhames.com\/mobile\/news2\/#breadcrumb\",\"itemListElement\":[{\"@type\":\"ListItem\",\"position\":1,\"name\":\"Startseite\",\"item\":\"https:\/\/www.sherlockhames.com\/mobile\/\"},{\"@type\":\"ListItem\",\"position\":2,\"name\":\"News\"}]}]}<\/script>\n<!-- \/ Yoast SEO plugin. -->","yoast_head_json":{"title":"News - Sherlock Hames","robots":{"index":"index","follow":"follow","max-snippet":"max-snippet:-1","max-image-preview":"max-image-preview:large","max-video-preview":"max-video-preview:-1"},"canonical":"https:\/\/www.sherlockhames.com\/mobile\/news2\/","og_locale":"de_DE","og_type":"article","og_title":"News - Sherlock Hames","og_url":"https:\/\/www.sherlockhames.com\/mobile\/news2\/","og_site_name":"Sherlock Hames","article_publisher":"https:\/\/www.facebook.com\/hmk.hamikaze","article_modified_time":"2022-06-18T13:53:41+00:00","og_image":[{"width":1000,"height":1000,"url":"https:\/\/www.sherlockhames.com\/mobile\/wp-content\/uploads\/2022\/06\/profilbild_dreieck-R.jpg","type":"image\/jpeg"}],"twitter_card":"summary_large_image","schema":{"@context":"https:\/\/schema.org","@graph":[{"@type":"Organization","@id":"https:\/\/www.sherlockhames.com\/mobile\/#organization","name":"Sherlock Hames","url":"https:\/\/www.sherlockhames.com\/mobile\/","sameAs":["https:\/\/www.instagram.com\/sherlockhames\/","https:\/\/www.facebook.com\/hmk.hamikaze"],"logo":{"@type":"ImageObject","inLanguage":"de","@id":"https:\/\/www.sherlockhames.com\/mobile\/#\/schema\/logo\/image\/","url":"https:\/\/www.sherlockhames.com\/mobile\/wp-content\/uploads\/2022\/06\/arkanum_pressefoto_2_web-scaled.jpg","contentUrl":"https:\/\/www.sherlockhames.com\/mobile\/wp-content\/uploads\/2022\/06\/arkanum_pressefoto_2_web-scaled.jpg","width":2560,"height":1707,"caption":"Sherlock Hames"},"image":{"@id":"https:\/\/www.sherlockhames.com\/mobile\/#\/schema\/logo\/image\/"}},{"@type":"WebSite","@id":"https:\/\/www.sherlockhames.com\/mobile\/#website","url":"https:\/\/www.sherlockhames.com\/mobile\/","name":"Sherlock Hames","description":"Rap Professor","publisher":{"@id":"https:\/\/www.sherlockhames.com\/mobile\/#organization"},"potentialAction":[{"@type":"SearchAction","target":{"@type":"EntryPoint","urlTemplate":"https:\/\/www.sherlockhames.com\/mobile\/?s={search_term_string}"},"query-input":"required name=search_term_string"}],"inLanguage":"de"},{"@type":"ImageObject","inLanguage":"de","@id":"https:\/\/www.sherlockhames.com\/mobile\/news2\/#primaryimage","url":"https:\/\/www.sherlockhames.com\/mobile\/wp-content\/uploads\/2022\/06\/profilbild_dreieck-R.jpg","contentUrl":"https:\/\/www.sherlockhames.com\/mobile\/wp-content\/uploads\/2022\/06\/profilbild_dreieck-R.jpg","width":1000,"height":1000},{"@type":"WebPage","@id":"https:\/\/www.sherlockhames.com\/mobile\/news2\/","url":"https:\/\/www.sherlockhames.com\/mobile\/news2\/","name":"News - Sherlock Hames","isPartOf":{"@id":"https:\/\/www.sherlockhames.com\/mobile\/#website"},"primaryImageOfPage":{"@id":"https:\/\/www.sherlockhames.com\/mobile\/news2\/#primaryimage"},"datePublished":"2021-11-17T16:26:16+00:00","dateModified":"2022-06-18T13:53:41+00:00","breadcrumb":{"@id":"https:\/\/www.sherlockhames.com\/mobile\/news2\/#breadcrumb"},"inLanguage":"de","potentialAction":[{"@type":"ReadAction","target":["https:\/\/www.sherlockhames.com\/mobile\/news2\/"]}]},{"@type":"BreadcrumbList","@id":"https:\/\/www.sherlockhames.com\/mobile\/news2\/#breadcrumb","itemListElement":[{"@type":"ListItem","position":1,"name":"Startseite","item":"https:\/\/www.sherlockhames.com\/mobile\/"},{"@type":"ListItem","position":2,"name":"News"}]}]}},"_links":{"self":[{"href":"https:\/\/www.sherlockhames.com\/mobile\/wp-json\/wp\/v2\/pages\/296"}],"collection":[{"href":"https:\/\/www.sherlockhames.com\/mobile\/wp-json\/wp\/v2\/pages"}],"about":[{"href":"https:\/\/www.sherlockhames.com\/mobile\/wp-json\/wp\/v2\/types\/page"}],"author":[{"embeddable":true,"href":"https:\/\/www.sherlockhames.com\/mobile\/wp-json\/wp\/v2\/users\/1"}],"replies":[{"embeddable":true,"href":"https:\/\/www.sherlockhames.com\/mobile\/wp-json\/wp\/v2\/comments?post=296"}],"version-history":[{"count":4,"href":"https:\/\/www.sherlockhames.com\/mobile\/wp-json\/wp\/v2\/pages\/296\/revisions"}],"predecessor-version":[{"id":305,"href":"https:\/\/www.sherlockhames.com\/mobile\/wp-json\/wp\/v2\/pages\/296\/revisions\/305"}],"wp:featuredmedia":[{"embeddable":true,"href":"https:\/\/www.sherlockhames.com\/mobile\/wp-json\/wp\/v2\/media\/374"}],"wp:attachment":[{"href":"https:\/\/www.sherlockhames.com\/mobile\/wp-json\/wp\/v2\/media?parent=296"}],"curies":[{"name":"wp","href":"https:\/\/api.w.org\/{rel}","templated":true}]}}